{"id":677,"date":"2020-07-13T10:38:50","date_gmt":"2020-07-13T10:38:50","guid":{"rendered":"https:\/\/themekreativ.com\/parezy\/?page_id=677"},"modified":"2025-01-22T22:06:55","modified_gmt":"2025-01-22T22:06:55","slug":"about-us","status":"publish","type":"page","link":"https:\/\/behaviorprofessionaltherapy.com\/es\/about-us\/","title":{"rendered":"Empresa"},"content":{"rendered":"<div data-elementor-type=\"wp-page\" data-elementor-id=\"677\" class=\"elementor elementor-677\" data-elementor-post-type=\"page\">\n\t\t\t\t<div class=\"elementor-element elementor-element-8d109ed e-flex e-con-boxed e-con e-parent\" data-id=\"8d109ed\" data-element_type=\"container\" data-e-type=\"container\">\n\t\t\t\t\t<div class=\"e-con-inner\">\n\t\t\t\t<div class=\"elementor-element elementor-element-1c6b54c elementor-widget elementor-widget-spacer\" data-id=\"1c6b54c\" data-element_type=\"widget\" data-e-type=\"widget\" data-widget_type=\"spacer.default\">\n\t\t\t\t<div class=\"elementor-widget-container\">\n\t\t\t\t\t\t\t<div class=\"elementor-spacer\">\n\t\t\t<div class=\"elementor-spacer-inner\"><\/div>\n\t\t<\/div>\n\t\t\t\t\t\t<\/div>\n\t\t\t\t<\/div>\n\t\t\t\t\t<\/div>\n\t\t\t\t<\/div>\n\t\t\t\t<section class=\"elementor-section elementor-top-section elementor-element elementor-element-16afa5ce elementor-section-stretched elementor-section-full_width elementor-section-content-middle cd-left-expand elementor-section-height-default elementor-section-height-default cd-bg-color-transparent\" data-id=\"16afa5ce\" data-element_type=\"section\" data-e-type=\"section\" data-settings=\"{&quot;stretch_section&quot;:&quot;section-stretched&quot;}\">\n\t\t\t\t\t\t<div class=\"elementor-container elementor-column-gap-no\">\n\t\t\t\t\t<div class=\"elementor-column elementor-col-50 elementor-top-column elementor-element elementor-element-5f955132 cd-bg-color-transparent\" data-id=\"5f955132\" data-element_type=\"column\" data-e-type=\"column\">\n\t\t\t<div class=\"elementor-widget-wrap elementor-element-populated\">\n\t\t\t\t\t\t<div class=\"elementor-element elementor-element-493e9a27 elementor-widget elementor-widget-image\" data-id=\"493e9a27\" data-element_type=\"widget\" data-e-type=\"widget\" data-widget_type=\"image.default\">\n\t\t\t\t<div class=\"elementor-widget-container\">\n\t\t\t\t\t\t\t\t\t\t\t\t\t\t\t<img fetchpriority=\"high\" decoding=\"async\" width=\"1162\" height=\"807\" src=\"https:\/\/behaviorprofessionaltherapy.com\/wp-content\/uploads\/2020\/09\/slider-01-c.png\" class=\"attachment-full size-full wp-image-2789\" alt=\"\" srcset=\"https:\/\/behaviorprofessionaltherapy.com\/wp-content\/uploads\/2020\/09\/slider-01-c.png 1162w, https:\/\/behaviorprofessionaltherapy.com\/wp-content\/uploads\/2020\/09\/slider-01-c-600x417.png 600w, https:\/\/behaviorprofessionaltherapy.com\/wp-content\/uploads\/2020\/09\/slider-01-c-300x208.png 300w, https:\/\/behaviorprofessionaltherapy.com\/wp-content\/uploads\/2020\/09\/slider-01-c-1024x711.png 1024w, https:\/\/behaviorprofessionaltherapy.com\/wp-content\/uploads\/2020\/09\/slider-01-c-768x533.png 768w\" sizes=\"(max-width: 1162px) 100vw, 1162px\" \/>\t\t\t\t\t\t\t\t\t\t\t\t\t\t\t<\/div>\n\t\t\t\t<\/div>\n\t\t\t\t\t<\/div>\n\t\t<\/div>\n\t\t\t\t<div class=\"elementor-column elementor-col-50 elementor-top-column elementor-element elementor-element-4297cd12 section-fix-width cd-bg-color-transparent\" data-id=\"4297cd12\" data-element_type=\"column\" data-e-type=\"column\">\n\t\t\t<div class=\"elementor-widget-wrap elementor-element-populated\">\n\t\t\t\t\t\t<div class=\"elementor-element elementor-element-fe438eb elementor-widget elementor-widget-parezy-custom-heading\" data-id=\"fe438eb\" data-element_type=\"widget\" data-e-type=\"widget\" data-widget_type=\"parezy-custom-heading.default\">\n\t\t\t\t<div class=\"elementor-widget-container\">\n\t\t\t\t\t\t\t<div class=\"tcr-custom-heading588266183 tcr-elementor-widget tcr_custom_heading_wrapper custom-heading-style-1 title-text- subtitle-text-\">\r\n\t\t\t<div class=\"tcr-custom-heading-wrapper\">\r\n\t\t\t<div class=\"tcr-heading-subtitle-wrapper subtitle-text-\">\r\n\t\t\t<h3 class=\"heading-subtitle\">\r\n\t\t\t\tSOBRE NOSOTROS\t\t\t<\/h3>\r\n\t\t<\/div>\r\n\t\t\t\t<div class=\"tcr-heading-title-wrapper title-text-\">\r\n\t\t\t<h3 class=\"heading-title\">\r\n\t\t\t\t NUESTRA MISI\u00d3N\t\t\t<\/h3>\r\n\t\t<\/div>\r\n\t\t<\/div>\r\n\t\t<\/div>\r\n\t\t\t\t\t\t<\/div>\n\t\t\t\t<\/div>\n\t\t\t\t<div class=\"elementor-element elementor-element-35d38665 elementor-widget elementor-widget-text-editor\" data-id=\"35d38665\" data-element_type=\"widget\" data-e-type=\"widget\" data-widget_type=\"text-editor.default\">\n\t\t\t\t<div class=\"elementor-widget-container\">\n\t\t\t\t\t\t\t\t\t<div class=\"flex-shrink-0 flex flex-col relative items-end\"><div><div class=\"pt-0\"><div class=\"gizmo-bot-avatar flex h-8 w-8 items-center justify-center overflow-hidden rounded-full\"><div class=\"relative p-1 rounded-sm flex items-center justify-center bg-token-main-surface-primary text-token-text-primary h-8 w-8\">\u00a0<\/div><\/div><\/div><\/div><\/div><div class=\"group\/conversation-turn relative flex w-full min-w-0 flex-col agent-turn\"><div class=\"flex-col gap-1 md:gap-3\"><div class=\"flex max-w-full flex-col flex-grow\"><div class=\"min-h-8 text-message flex w-full flex-col items-end gap-2 whitespace-normal break-words text-start [.text-message+&amp;]:mt-5\" dir=\"auto\" data-message-author-role=\"assistant\" data-message-id=\"dfd91e2c-c40d-44b3-b951-8b554ea8a87e\" data-message-model-slug=\"gpt-4o-mini\"><div class=\"flex w-full flex-col gap-1 empty:hidden first:pt-[3px]\"><div class=\"markdown prose w-full break-words dark:prose-invert dark\"><p>Behavior Professional Therapy ofrece los mejores servicios individualizados de ABA de una manera amorosa, segura, profesional y, al mismo tiempo, divertida. Desde 2024, Behavior Professional Therapy se ha dedicado completamente a apoyar el desarrollo de ni\u00f1os y familias, guiado por la pasi\u00f3n y el compromiso de nuestros analistas de comportamiento. Brindamos servicios integrales de terapia ABA dise\u00f1ados para satisfacer las necesidades \u00fanicas de cada familia en Florida.<\/p><p>Nuestros Supervisores Cl\u00ednicos y T\u00e9cnicos Certificados en Comportamiento brindan programaci\u00f3n personalizada d\u00eda a d\u00eda, garantizando resultados \u00f3ptimos en un entorno que fomenta la comodidad y la participaci\u00f3n activa de la familia. Cada plan de tratamiento se dise\u00f1a cuidadosamente utilizando un enfoque integral de terapia ABA para abordar los objetivos espec\u00edficos de su hijo. Nuestra pasi\u00f3n es transformar vidas. Estamos dedicados a apoyar a los ni\u00f1os y sus familias con transparencia, compromiso y el objetivo com\u00fan de ayudar a cada ni\u00f1o a alcanzar su m\u00e1ximo potencial.<\/p><\/div><\/div><\/div><\/div><\/div><\/div><p><!-- notionvc: aff0d325-6763-4b8f-8f51-232742d64874 --><!-- notionvc: be00885b-d27c-4d03-bfdd-a4524b9a00cf --><\/p>\t\t\t\t\t\t\t\t<\/div>\n\t\t\t\t<\/div>\n\t\t\t\t<div class=\"elementor-element elementor-element-65ca6bec elementor-widget elementor-widget-heading\" data-id=\"65ca6bec\" data-element_type=\"widget\" data-e-type=\"widget\" data-widget_type=\"heading.default\">\n\t\t\t\t<div class=\"elementor-widget-container\">\n\t\t\t\t\t<h2 class=\"elementor-heading-title elementor-size-default\">El primer paso ya est\u00e1 hecho; ahora estamos aqu\u00ed para hacer que se sienta como en casa.<\/h2>\t\t\t\t<\/div>\n\t\t\t\t<\/div>\n\t\t\t\t<div class=\"elementor-element elementor-element-1092f2e4 tcr-list-number elementor-widget elementor-widget-parezy-list\" data-id=\"1092f2e4\" data-element_type=\"widget\" data-e-type=\"widget\" data-widget_type=\"parezy-list.default\">\n\t\t\t\t<div class=\"elementor-widget-container\">\n\t\t\t\t\t\t\t<div class=\"tcr-list-1410303714 tcr_list_wrapper tcr-elementor-widget\">\r\n\t\t\t\t\t\t<div class=\"tcr-list-wrapper\">\r\n\t\t\t\t<ul class=\"tcr-list\">\r\n\t\t\t\t\t\t\t\t\t\t\t\t\t<li class=\"list-item\">\r\n\t\t\t\t\t\t\t\t\t\t\t\t\t\t\t\t\t\t\t\t\t\t\t\t\t\t\t\t<p class=\"tcr-list-info\" >\r\n\t\t\t\t\t\t\t\t\t\t<a href=\"#\" target=\"_blank\" rel=\"nofollow\" > Atenci\u00f3n personalizada y transparente para el progreso de su hijo.<\/a>\t\t\t\t\t\t\t\t\t\t<\/p>\r\n\r\n\t\t\t\t\t\t\t\t\t\t\t\t\t\t\t\t\t<\/li>\r\n\t\t\t\t\t\t\t\t\t\t\t\t\t\t\t\t<li class=\"list-item\">\r\n\t\t\t\t\t\t\t\t\t\t\t\t\t\t\t\t\t\t\t\t\t\t\t\t\t\t\t\t<p class=\"tcr-list-info\" >\r\n\t\t\t\t\t\t\t\t\t\t<a href=\"#\" target=\"_blank\" rel=\"nofollow\" > Servicios biling\u00fces en ingl\u00e9s y espa\u00f1ol.<\/a>\t\t\t\t\t\t\t\t\t\t<\/p>\r\n\r\n\t\t\t\t\t\t\t\t\t\t\t\t\t\t\t\t\t<\/li>\r\n\t\t\t\t\t\t\t\t\t\t\t\t\t\t\t\t<li class=\"list-item\">\r\n\t\t\t\t\t\t\t\t\t\t\t\t\t\t\t\t\t\t\t\t\t\t\t\t\t\t\t\t<p class=\"tcr-list-info\" >\r\n\t\t\t\t\t\t\t\t\t\t<a href=\"#\" target=\"_blank\" rel=\"nofollow\" > Enfoque colaborativo con su participaci\u00f3n activa.<\/a>\t\t\t\t\t\t\t\t\t\t<\/p>\r\n\r\n\t\t\t\t\t\t\t\t\t\t\t\t\t\t\t\t\t<\/li>\r\n\t\t\t\t\t\t\t\t\t\t\t\t<\/ul>\r\n\t\t\t<\/div>\r\n\t\t<\/div>\r\n\t\t\t\t\t\t<\/div>\n\t\t\t\t<\/div>\n\t\t\t\t<section class=\"elementor-section elementor-inner-section elementor-element elementor-element-537fda71 elementor-section-boxed elementor-section-height-default elementor-section-height-default cd-bg-color-transparent\" data-id=\"537fda71\" data-element_type=\"section\" data-e-type=\"section\">\n\t\t\t\t\t\t<div class=\"elementor-container elementor-column-gap-no\">\n\t\t\t\t\t<div class=\"elementor-column elementor-col-50 elementor-inner-column elementor-element elementor-element-35355027 cd-bg-color-transparent\" data-id=\"35355027\" data-element_type=\"column\" data-e-type=\"column\">\n\t\t\t<div class=\"elementor-widget-wrap elementor-element-populated\">\n\t\t\t\t\t\t<div class=\"elementor-element elementor-element-640b63dc elementor-align-left cd-bg-color-secondary elementor-widget elementor-widget-button\" data-id=\"640b63dc\" data-element_type=\"widget\" data-e-type=\"widget\" data-widget_type=\"button.default\">\n\t\t\t\t<div class=\"elementor-widget-container\">\n\t\t\t\t\t\t\t\t\t<div class=\"elementor-button-wrapper\">\n\t\t\t\t\t<a class=\"cd-color-secondary elementor-button elementor-button-link elementor-size-sm\" href=\"tel:8134002401\">\n\t\t\t\t\t\t<span class=\"elementor-button-content-wrapper\">\n\t\t\t\t\t\t\t\t\t<span class=\"elementor-button-text\">Llamar<\/span>\n\t\t\t\t\t<\/span>\n\t\t\t\t\t<\/a>\n\t\t\t\t<\/div>\n\t\t\t\t\t\t\t\t<\/div>\n\t\t\t\t<\/div>\n\t\t\t\t\t<\/div>\n\t\t<\/div>\n\t\t\t\t<div class=\"elementor-column elementor-col-50 elementor-inner-column elementor-element elementor-element-49051e86 cd-bg-color-transparent\" data-id=\"49051e86\" data-element_type=\"column\" data-e-type=\"column\">\n\t\t\t<div class=\"elementor-widget-wrap elementor-element-populated\">\n\t\t\t\t\t\t<div class=\"elementor-element elementor-element-1c2c38a5 elementor-widget elementor-widget-parezy-infobox\" data-id=\"1c2c38a5\" data-element_type=\"widget\" data-e-type=\"widget\" data-widget_type=\"parezy-infobox.default\">\n\t\t\t\t<div class=\"elementor-widget-container\">\n\t\t\t\t\t\t\t<div class=\"tcr-infobox2114679555 tcr-elementor-widget tcr_infobox_wrapper infobox-style-5 icon-type-font\">\r\n\t\t\t<div class=\"tcr-infobox-wrapper d-flex align-items-center\">\r\n\t\t\t\t\t<div class=\"tcr-infobox-icon\"><i aria-hidden=\"true\" class=\"flaticon flaticon-phone-contact\"><\/i><\/div>\r\n\t\t\t\t\t<div class=\"tcr-infobox-content\">\r\n\t\t\t\t\t<h3 class=\"tcr-infobox-title\">+1 (813) 400-2401<\/h3>\r\n\t\t\t\t<\/div>\r\n<\/div>\r\n\t\t<\/div>\r\n\t\t\t\t\t\t<\/div>\n\t\t\t\t<\/div>\n\t\t\t\t\t<\/div>\n\t\t<\/div>\n\t\t\t\t\t<\/div>\n\t\t<\/section>\n\t\t\t\t\t<\/div>\n\t\t<\/div>\n\t\t\t\t\t<\/div>\n\t\t<\/section>\n\t\t<div class=\"elementor-element elementor-element-5a04cf7 e-flex e-con-boxed e-con e-parent\" data-id=\"5a04cf7\" data-element_type=\"container\" data-e-type=\"container\">\n\t\t\t\t\t<div class=\"e-con-inner\">\n\t\t\t\t<div class=\"elementor-element elementor-element-e3e93fd elementor-widget elementor-widget-spacer\" data-id=\"e3e93fd\" data-element_type=\"widget\" data-e-type=\"widget\" data-widget_type=\"spacer.default\">\n\t\t\t\t<div class=\"elementor-widget-container\">\n\t\t\t\t\t\t\t<div class=\"elementor-spacer\">\n\t\t\t<div class=\"elementor-spacer-inner\"><\/div>\n\t\t<\/div>\n\t\t\t\t\t\t<\/div>\n\t\t\t\t<\/div>\n\t\t\t\t\t<\/div>\n\t\t\t\t<\/div>\n\t\t\t\t<section class=\"elementor-section elementor-top-section elementor-element elementor-element-6ffcd010 elementor-section-stretched cd-bg-color-white elementor-section-boxed elementor-section-height-default elementor-section-height-default\" data-id=\"6ffcd010\" data-element_type=\"section\" data-e-type=\"section\" data-settings=\"{&quot;stretch_section&quot;:&quot;section-stretched&quot;}\">\n\t\t\t\t\t\t<div class=\"elementor-container elementor-column-gap-no\">\n\t\t\t\t\t<div class=\"elementor-column elementor-col-100 elementor-top-column elementor-element elementor-element-428491d6 cd-bg-color-transparent\" data-id=\"428491d6\" data-element_type=\"column\" data-e-type=\"column\">\n\t\t\t<div class=\"elementor-widget-wrap elementor-element-populated\">\n\t\t\t\t\t\t<div class=\"elementor-element elementor-element-61fc0b2 elementor-widget elementor-widget-parezy-custom-heading\" data-id=\"61fc0b2\" data-element_type=\"widget\" data-e-type=\"widget\" data-widget_type=\"parezy-custom-heading.default\">\n\t\t\t\t<div class=\"elementor-widget-container\">\n\t\t\t\t\t\t\t<div class=\"tcr-custom-heading2104643248 tcr-elementor-widget tcr_custom_heading_wrapper custom-heading-style-1 title-text- subtitle-text- heading-alignment-center\">\r\n\t\t\t<div class=\"tcr-custom-heading-wrapper\">\r\n\t\t\t<div class=\"tcr-heading-subtitle-wrapper subtitle-text-\">\r\n\t\t\t<h3 class=\"heading-subtitle\">\r\n\t\t\t\tNUESTROS SERVICIOS\t\t\t<\/h3>\r\n\t\t<\/div>\r\n\t\t\t\t<div class=\"tcr-heading-title-wrapper title-text-\">\r\n\t\t\t<h3 class=\"heading-title\">\r\n\t\t\t\t Qu\u00e9 Esperar\t\t\t<\/h3>\r\n\t\t<\/div>\r\n\t\t<\/div>\r\n\t\t<\/div>\r\n\t\t\t\t\t\t<\/div>\n\t\t\t\t<\/div>\n\t\t\t\t<section class=\"elementor-section elementor-inner-section elementor-element elementor-element-5989f8c6 infobox-style-4-counter elementor-section-boxed elementor-section-height-default elementor-section-height-default cd-bg-color-transparent\" data-id=\"5989f8c6\" data-element_type=\"section\" data-e-type=\"section\">\n\t\t\t\t\t\t<div class=\"elementor-container elementor-column-gap-no\">\n\t\t\t\t\t<div class=\"elementor-column elementor-col-33 elementor-inner-column elementor-element elementor-element-5e596e46 cd-bg-color-transparent\" data-id=\"5e596e46\" data-element_type=\"column\" data-e-type=\"column\">\n\t\t\t<div class=\"elementor-widget-wrap elementor-element-populated\">\n\t\t\t\t\t\t<div class=\"elementor-element elementor-element-478ffdae infobox-style-4-counter1 elementor-widget elementor-widget-parezy-infobox\" data-id=\"478ffdae\" data-element_type=\"widget\" data-e-type=\"widget\" data-widget_type=\"parezy-infobox.default\">\n\t\t\t\t<div class=\"elementor-widget-container\">\n\t\t\t\t\t\t\t<div class=\"tcr-infobox1797789579 tcr-elementor-widget tcr_infobox_wrapper infobox-style-4 icon-type-font\">\r\n\t\t\t<div class=\"tcr-infobox-wrapper\">\r\n\t<div class=\"tcr-infobox-inner\">\r\n\t\t\t\t\t<div class=\"tcr-infobox-icon\"><i aria-hidden=\"true\" class=\"flaticon flaticon-storytelling\"><\/i><\/div>\r\n\t\t\t\t\t<\/div>\r\n<\/div>\r\n<div class=\"tcr-infobox-content\">\r\n\t\t\t\t<h3 class=\"tcr-infobox-title\"> Apoyo Real para Usted y Su Familia<\/h3>\r\n\t\t\t\t\t<div class=\"tcr-infobox-text\">En Behavior Professional Therapy, entendemos la importancia de confiar el desarrollo de su hijo a alguien m\u00e1s. Por eso, estamos comprometidos a ser un verdadero apoyo para su familia, ofreciendo un enfoque orientado a resultados y acompa\u00f1\u00e1ndolo en cada etapa del progreso.<\/div>\r\n\t\t<\/div>\r\n\t\t<\/div>\r\n\t\t\t\t\t\t<\/div>\n\t\t\t\t<\/div>\n\t\t\t\t\t<\/div>\n\t\t<\/div>\n\t\t\t\t<div class=\"elementor-column elementor-col-33 elementor-inner-column elementor-element elementor-element-74046dcf cd-bg-color-transparent\" data-id=\"74046dcf\" data-element_type=\"column\" data-e-type=\"column\">\n\t\t\t<div class=\"elementor-widget-wrap elementor-element-populated\">\n\t\t\t\t\t\t<div class=\"elementor-element elementor-element-304ced51 infobox-style-4-counter2 elementor-widget elementor-widget-parezy-infobox\" data-id=\"304ced51\" data-element_type=\"widget\" data-e-type=\"widget\" data-widget_type=\"parezy-infobox.default\">\n\t\t\t\t<div class=\"elementor-widget-container\">\n\t\t\t\t\t\t\t<div class=\"tcr-infobox1709928131 tcr-elementor-widget tcr_infobox_wrapper infobox-style-4 icon-type-font\">\r\n\t\t\t<div class=\"tcr-infobox-wrapper\">\r\n\t<div class=\"tcr-infobox-inner\">\r\n\t\t\t\t\t<div class=\"tcr-infobox-icon\"><i aria-hidden=\"true\" class=\"flaticon flaticon-talk\"><\/i><\/div>\r\n\t\t\t\t\t<\/div>\r\n<\/div>\r\n<div class=\"tcr-infobox-content\">\r\n\t\t\t\t<h3 class=\"tcr-infobox-title\"> Desarrollamos Habilidades para la Vida<\/h3>\r\n\t\t\t\t\t<div class=\"tcr-infobox-text\">Nuestro enfoque de ABA va m\u00e1s all\u00e1 de la terapia. Ayudamos a los ni\u00f1os a adquirir habilidades esenciales para integrarse plenamente en el hogar, la escuela y la comunidad, promoviendo su independencia y comportamientos adecuados a su edad.<\/div>\r\n\t\t<\/div>\r\n\t\t<\/div>\r\n\t\t\t\t\t\t<\/div>\n\t\t\t\t<\/div>\n\t\t\t\t\t<\/div>\n\t\t<\/div>\n\t\t\t\t<div class=\"elementor-column elementor-col-33 elementor-inner-column elementor-element elementor-element-2ae8e2f8 cd-bg-color-transparent\" data-id=\"2ae8e2f8\" data-element_type=\"column\" data-e-type=\"column\">\n\t\t\t<div class=\"elementor-widget-wrap elementor-element-populated\">\n\t\t\t\t\t\t<div class=\"elementor-element elementor-element-3b2ff4de infobox-style-4-counter3 elementor-widget elementor-widget-parezy-infobox\" data-id=\"3b2ff4de\" data-element_type=\"widget\" data-e-type=\"widget\" data-widget_type=\"parezy-infobox.default\">\n\t\t\t\t<div class=\"elementor-widget-container\">\n\t\t\t\t\t\t\t<div class=\"tcr-infobox1558886824 tcr-elementor-widget tcr_infobox_wrapper infobox-style-4 icon-type-font\">\r\n\t\t\t<div class=\"tcr-infobox-wrapper\">\r\n\t<div class=\"tcr-infobox-inner\">\r\n\t\t\t\t\t<div class=\"tcr-infobox-icon\"><i aria-hidden=\"true\" class=\"flaticon flaticon-translation-1\"><\/i><\/div>\r\n\t\t\t\t\t<\/div>\r\n<\/div>\r\n<div class=\"tcr-infobox-content\">\r\n\t\t\t\t<h3 class=\"tcr-infobox-title\"> Resultados Reales, Crecimiento Notable<\/h3>\r\n\t\t\t\t\t<div class=\"tcr-infobox-text\">No aplicamos programas gen\u00e9ricos. Nos enfocamos en un progreso significativo que refleje el crecimiento de su hijo, trabajando en equipo con las familias para garantizar el \u00e9xito en cada etapa del proceso.<\/div>\r\n\t\t<\/div>\r\n\t\t<\/div>\r\n\t\t\t\t\t\t<\/div>\n\t\t\t\t<\/div>\n\t\t\t\t\t<\/div>\n\t\t<\/div>\n\t\t\t\t\t<\/div>\n\t\t<\/section>\n\t\t<div class=\"elementor-element elementor-element-89fe445 e-flex e-con-boxed e-con e-parent\" data-id=\"89fe445\" data-element_type=\"container\" data-e-type=\"container\">\n\t\t\t\t\t<div class=\"e-con-inner\">\n\t\t\t\t<div class=\"elementor-element elementor-element-7515e8a elementor-widget elementor-widget-spacer\" data-id=\"7515e8a\" data-element_type=\"widget\" data-e-type=\"widget\" data-widget_type=\"spacer.default\">\n\t\t\t\t<div class=\"elementor-widget-container\">\n\t\t\t\t\t\t\t<div class=\"elementor-spacer\">\n\t\t\t<div class=\"elementor-spacer-inner\"><\/div>\n\t\t<\/div>\n\t\t\t\t\t\t<\/div>\n\t\t\t\t<\/div>\n\t\t\t\t\t<\/div>\n\t\t\t\t<\/div>\n\t\t\t\t<div class=\"elementor-element elementor-element-834f2b1 elementor-widget elementor-widget-parezy-custom-heading\" data-id=\"834f2b1\" data-element_type=\"widget\" data-e-type=\"widget\" data-widget_type=\"parezy-custom-heading.default\">\n\t\t\t\t<div class=\"elementor-widget-container\">\n\t\t\t\t\t\t\t<div class=\"tcr-custom-heading1355015004 tcr-elementor-widget tcr_custom_heading_wrapper custom-heading-style-1 title-text- subtitle-text- heading-alignment-center\">\r\n\t\t\t<div class=\"tcr-custom-heading-wrapper\">\r\n\t\t\t<div class=\"tcr-heading-subtitle-wrapper subtitle-text-\">\r\n\t\t\t<h3 class=\"heading-subtitle\">\r\n\t\t\t\t EJECUTIVOS Y ANALISTAS\t\t\t<\/h3>\r\n\t\t<\/div>\r\n\t\t\t\t<div class=\"tcr-heading-title-wrapper title-text-\">\r\n\t\t\t<h3 class=\"heading-title\">\r\n\t\t\t\tEQUIPO\t\t\t<\/h3>\r\n\t\t<\/div>\r\n\t\t<\/div>\r\n\t\t<\/div>\r\n\t\t\t\t\t\t<\/div>\n\t\t\t\t<\/div>\n\t\t\t\t<div class=\"elementor-element elementor-element-09fa1c1 elementor-widget elementor-widget-parezy-team\" data-id=\"09fa1c1\" data-element_type=\"widget\" data-e-type=\"widget\" data-widget_type=\"parezy-team.default\">\n\t\t\t\t<div class=\"elementor-widget-container\">\n\t\t\t\t\t\t\t<div class=\"tcr-team-1704340711 tcr_team_wrapper tcr-elementor-widget team-style-2 team-layout-slider\">\r\n\t\t\t\t<svg class=\"wgl-dashes inner-dashed-border animated-dashes\"><rect x=\"1%\" y=\"1%\" rx=\"20px\" ry=\"20px\" width=\"98%\" height=\"98%\"><\/rect><\/svg>\r\n\t<div class=\"owl-carousel owl-theme tcr-service-wrapper\" data-owl_options=\"{&quot;items&quot;:&quot;3&quot;,&quot;loop&quot;:&quot;&quot;,&quot;margin&quot;:0,&quot;nav&quot;:&quot;&quot;,&quot;dots&quot;:&quot;&quot;,&quot;autoplay&quot;:&quot;&quot;,&quot;smartSpeed&quot;:1000,&quot;navText&quot;:[&quot;&lt;i class=&#039;flaticon-left-arrow&#039;&gt;&lt;\\\/i&gt;&quot;,&quot;&lt;i class=&#039;flaticon-next&#039;&gt;&lt;\\\/i&gt;&quot;],&quot;responsive&quot;:{&quot;0&quot;:{&quot;items&quot;:1},&quot;576&quot;:{&quot;items&quot;:2},&quot;768&quot;:{&quot;items&quot;:3},&quot;992&quot;:{&quot;items&quot;:3}}}\">\r\n\t<div class=\"tcr-teammember-slide\">\r\n\t<div class=\"tcr-teammember-wrapper\">\r\n\t\t\t\t<div class=\"tcr-teammember-thumbnail-wrapper\">\r\n\t\t\t\t\t\t<div class=\"tcr-teammember-image-container\">\r\n\t\t\t\t\t\t\t\t\t<img decoding=\"async\" class=\"teammember-image\" src=\"https:\/\/behaviorprofessionaltherapy.com\/wp-content\/uploads\/2020\/06\/Jady1-600x600.jpeg\" alt=\"Jady Lazo\">\r\n\t\t\t\t\t\t\t\t<\/div>\t\t\t\t\t\r\n\t\t<\/div>\r\n\t\t<div class=\"tcr-teammember-content-cover\">\r\n\t\t\t<div class=\"tcr-teammember-title\">\r\n\t\t\t\t<h3 class=\"teammember-title\">\r\n\t\t\t\t\t<a href=\"https:\/\/behaviorprofessionaltherapy.com\/es\/team\/jady-lazo\/\" class=\"teammember-title-link\">Jady Lazo<\/a>\r\n\t\t\t\t<\/h3>\r\n\t\t\t\t<h5 class=\"tcr-teammember-designation\">Presidente y Gerente de Pr\u00e1ctica<\/h5>\r\n\t\t\t\t\t\t\t<\/div>\r\n\t\t<\/div>\r\n\t<\/div>\r\n<\/div>\r\n<\/div>\r\n\t\t<\/div>\r\n\t\t\t\t\t\t<\/div>\n\t\t\t\t<\/div>\n\t\t\t\t\t<\/div>\n\t\t<\/div>\n\t\t\t\t\t<\/div>\n\t\t<\/section>\n\t\t<div class=\"elementor-element elementor-element-c5f356a e-flex e-con-boxed e-con e-parent\" data-id=\"c5f356a\" data-element_type=\"container\" data-e-type=\"container\">\n\t\t\t\t\t<div class=\"e-con-inner\">\n\t\t\t\t<div class=\"elementor-element elementor-element-18eacb3 elementor-cta--skin-classic elementor-animated-content elementor-bg-transform elementor-bg-transform-zoom-in elementor-widget elementor-widget-global elementor-global-4718 elementor-widget-call-to-action\" data-id=\"18eacb3\" data-element_type=\"widget\" data-e-type=\"widget\" data-widget_type=\"call-to-action.default\">\n\t\t\t\t<div class=\"elementor-widget-container\">\n\t\t\t\t\t\t\t<div class=\"elementor-cta\">\n\t\t\t\t\t\t\t<div class=\"elementor-cta__content\">\n\t\t\t\t\n\t\t\t\t\t\t\t\t\t<h2 class=\"elementor-cta__title elementor-cta__content-item elementor-content-item\">\n\t\t\t\t\t\t \u00bfTienes alguna pregunta?\t\t\t\t\t<\/h2>\n\t\t\t\t\n\t\t\t\t\t\t\t\t\t<div class=\"elementor-cta__description elementor-cta__content-item elementor-content-item\">\n\t\t\t\t\t\tEstamos aqu\u00ed para ayudarte. Si tienes alguna pregunta sobre nuestros servicios, c\u00f3mo trabajamos o c\u00f3mo podemos apoyar a tu hijo, no dudes en preguntar. Tu consulta es el primer paso hacia una soluci\u00f3n personalizada.\t\t\t\t\t<\/div>\n\t\t\t\t\n\t\t\t\t\t\t\t\t\t<div class=\"elementor-cta__button-wrapper elementor-cta__content-item elementor-content-item\">\n\t\t\t\t\t<a class=\"elementor-cta__button elementor-button elementor-size-\" href=\"https:\/\/behaviorprofessionaltherapy.com\/es\/contact\/\">\n\t\t\t\t\t\t Haznos tu pregunta\t\t\t\t\t<\/a>\n\t\t\t\t\t<\/div>\n\t\t\t\t\t\t\t<\/div>\n\t\t\t\t\t\t<\/div>\n\t\t\t\t\t\t<\/div>\n\t\t\t\t<\/div>\n\t\t\t\t\t<\/div>\n\t\t\t\t<\/div>\n\t\t<div class=\"elementor-element elementor-element-2f99a92 e-flex e-con-boxed e-con e-parent\" data-id=\"2f99a92\" data-element_type=\"container\" data-e-type=\"container\">\n\t\t\t\t\t<div class=\"e-con-inner\">\n\t\t\t\t<div class=\"elementor-element elementor-element-f6f76b1 elementor-widget elementor-widget-spacer\" data-id=\"f6f76b1\" data-element_type=\"widget\" data-e-type=\"widget\" data-widget_type=\"spacer.default\">\n\t\t\t\t<div class=\"elementor-widget-container\">\n\t\t\t\t\t\t\t<div class=\"elementor-spacer\">\n\t\t\t<div class=\"elementor-spacer-inner\"><\/div>\n\t\t<\/div>\n\t\t\t\t\t\t<\/div>\n\t\t\t\t<\/div>\n\t\t\t\t\t<\/div>\n\t\t\t\t<\/div>\n\t\t\t\t<\/div>","protected":false},"excerpt":{"rendered":"<p>ABOUT US OUR MISSION \u00a0 Behavior Professional Therapy offers the best individualized ABA services in a loving, safe, professional, yet fun manner. Since 2024, Behavior Professional Therapy has been fully dedicated to supporting the development of children and families, guided by the passion and commitment of our behavior analysts. We provide comprehensive ABA therapy services [&hellip;]<\/p>","protected":false},"author":1,"featured_media":0,"parent":0,"menu_order":0,"comment_status":"closed","ping_status":"closed","template":"elementor_header_footer","meta":{"footnotes":""},"class_list":["post-677","page","type-page","status-publish","hentry"],"_links":{"self":[{"href":"https:\/\/behaviorprofessionaltherapy.com\/es\/wp-json\/wp\/v2\/pages\/677","targetHints":{"allow":["GET"]}}],"collection":[{"href":"https:\/\/behaviorprofessionaltherapy.com\/es\/wp-json\/wp\/v2\/pages"}],"about":[{"href":"https:\/\/behaviorprofessionaltherapy.com\/es\/wp-json\/wp\/v2\/types\/page"}],"author":[{"embeddable":true,"href":"https:\/\/behaviorprofessionaltherapy.com\/es\/wp-json\/wp\/v2\/users\/1"}],"replies":[{"embeddable":true,"href":"https:\/\/behaviorprofessionaltherapy.com\/es\/wp-json\/wp\/v2\/comments?post=677"}],"version-history":[{"count":63,"href":"https:\/\/behaviorprofessionaltherapy.com\/es\/wp-json\/wp\/v2\/pages\/677\/revisions"}],"predecessor-version":[{"id":4891,"href":"https:\/\/behaviorprofessionaltherapy.com\/es\/wp-json\/wp\/v2\/pages\/677\/revisions\/4891"}],"wp:attachment":[{"href":"https:\/\/behaviorprofessionaltherapy.com\/es\/wp-json\/wp\/v2\/media?parent=677"}],"curies":[{"name":"wp","href":"https:\/\/api.w.org\/{rel}","templated":true}]}}