{"id":1525,"date":"2020-06-21T04:55:19","date_gmt":"2020-06-21T04:55:19","guid":{"rendered":"https:\/\/themekreativ.com\/parezy\/?page_id=3"},"modified":"2025-01-24T18:10:02","modified_gmt":"2025-01-24T18:10:02","slug":"politica-de-privacidad","status":"publish","type":"page","link":"https:\/\/behaviorprofessionaltherapy.com\/es\/politica-de-privacidad\/","title":{"rendered":"Pol\u00edtica de Privacidad"},"content":{"rendered":"<p><strong>Protecci\u00f3n de la Privacidad<\/strong><\/p>\n\n\n\n<p>En <strong>Behavior Professional Therapy<\/strong>, respetamos y protegemos la privacidad de nuestros usuarios. Esta pol\u00edtica de privacidad describe c\u00f3mo recopilamos, usamos y protegemos su informaci\u00f3n.<\/p>\n\n\n\n<p><strong>Informaci\u00f3n Recopilada<\/strong><\/p>\n\n\n\n<ul class=\"wp-block-list\">\n<li><strong>Informaci\u00f3n Personal:<\/strong> Podemos recopilar datos como su nombre, direcci\u00f3n de correo electr\u00f3nico y n\u00famero de tel\u00e9fono cuando se registre o se comunique con nosotros.<\/li>\n\n\n\n<li><strong>Informaci\u00f3n de Navegaci\u00f3n:<\/strong> Recopilamos informaci\u00f3n no personal, como direcciones IP, tipo de navegador y hora de acceso.<\/li>\n<\/ul>\n\n\n\n<p><strong>Uso de la Informaci\u00f3n<\/strong><\/p>\n\n\n\n<ul class=\"wp-block-list\">\n<li>Para responder a sus consultas y solicitudes.<\/li>\n\n\n\n<li>Para mejorar nuestros servicios y contenido.<\/li>\n\n\n\n<li>Para enviar comunicaciones relacionadas con nuestros servicios.<\/li>\n<\/ul>\n\n\n\n<p><strong>Protecci\u00f3n de Datos<\/strong><\/p>\n\n\n\n<p>Utilizamos medidas de seguridad adecuadas para proteger su informaci\u00f3n personal contra el acceso no autorizado, la alteraci\u00f3n o la divulgaci\u00f3n.<\/p>\n\n\n\n<p><strong>Cookies<\/strong><\/p>\n\n\n\n<p>Este sitio utiliza cookies para mejorar su experiencia de navegaci\u00f3n. Puede optar por desactivar las cookies a trav\u00e9s de la configuraci\u00f3n de su navegador.<\/p>\n\n\n\n<p><strong>Compartir Informaci\u00f3n<\/strong><\/p>\n\n\n\n<p>No vendemos, intercambiamos ni alquilamos su informaci\u00f3n personal a terceros. Solo compartimos datos cuando es necesario para cumplir con la ley o proteger nuestros derechos.<\/p>\n\n\n\n<p><strong>Derechos del Usuario<\/strong><\/p>\n\n\n\n<p>Usted tiene el derecho de acceder, corregir o eliminar su informaci\u00f3n personal. Si desea ejercer estos derechos, por favor cont\u00e1ctenos en <a href=\"mailto:info@behaviorprofessionaltherapy.com\">info@behaviorprofessionaltherapy.com<\/a>.<\/p>\n\n\n\n<p><strong>Cambios en la Pol\u00edtica de Privacidad<\/strong><\/p>\n\n\n\n<p>Podemos actualizar esta pol\u00edtica de privacidad en cualquier momento. Los cambios se publicar\u00e1n en esta p\u00e1gina y entrar\u00e1n en vigor de forma inmediata.<\/p>\n\n\n\n<p>Si tiene preguntas sobre estos t\u00e9rminos o nuestra pol\u00edtica de privacidad, puede contactarnos en:<\/p>\n\n\n\n<ul class=\"wp-block-list\">\n<li>Email: info@behaviorprofessionaltherapy.com<\/li>\n\n\n\n<li>Phone: (813) 400-2401<\/li>\n\n\n\n<li>Direcci\u00f3n: 25200 Sawyer Francis Ln Suite 119 Lutz, FL 33559<\/li>\n<\/ul>","protected":false},"excerpt":{"rendered":"<p>Privacy Protection At Behavior Professional Therapy, we respect and protect the privacy of our users. This privacy policy describes how we collect, use, and protect your information. Information Collected Use of Information Data Protection We use appropriate security measures to protect your personal information from unauthorized access, alteration, or disclosure. Cookies This site uses cookies [&hellip;]<\/p>","protected":false},"author":1,"featured_media":0,"parent":0,"menu_order":0,"comment_status":"closed","ping_status":"open","template":"","meta":{"footnotes":""},"class_list":["post-1525","page","type-page","status-publish","hentry","without-image"],"_links":{"self":[{"href":"https:\/\/behaviorprofessionaltherapy.com\/es\/wp-json\/wp\/v2\/pages\/1525","targetHints":{"allow":["GET"]}}],"collection":[{"href":"https:\/\/behaviorprofessionaltherapy.com\/es\/wp-json\/wp\/v2\/pages"}],"about":[{"href":"https:\/\/behaviorprofessionaltherapy.com\/es\/wp-json\/wp\/v2\/types\/page"}],"author":[{"embeddable":true,"href":"https:\/\/behaviorprofessionaltherapy.com\/es\/wp-json\/wp\/v2\/users\/1"}],"replies":[{"embeddable":true,"href":"https:\/\/behaviorprofessionaltherapy.com\/es\/wp-json\/wp\/v2\/comments?post=1525"}],"version-history":[{"count":4,"href":"https:\/\/behaviorprofessionaltherapy.com\/es\/wp-json\/wp\/v2\/pages\/1525\/revisions"}],"predecessor-version":[{"id":5171,"href":"https:\/\/behaviorprofessionaltherapy.com\/es\/wp-json\/wp\/v2\/pages\/1525\/revisions\/5171"}],"wp:attachment":[{"href":"https:\/\/behaviorprofessionaltherapy.com\/es\/wp-json\/wp\/v2\/media?parent=1525"}],"curies":[{"name":"wp","href":"https:\/\/api.w.org\/{rel}","templated":true}]}}